{"id":8321,"date":"2025-11-21T16:41:20","date_gmt":"2025-11-21T15:41:20","guid":{"rendered":"https:\/\/gennarobottone.eu\/?page_id=8321"},"modified":"2025-11-24T12:44:30","modified_gmt":"2025-11-24T11:44:30","slug":"marron-glaces","status":"publish","type":"page","link":"https:\/\/gennarobottone.eu\/en\/marron-glaces\/","title":{"rendered":"Marron Glac\u00e9s"},"content":{"rendered":"<div data-elementor-type=\"wp-page\" data-elementor-id=\"8321\" class=\"elementor elementor-8321\" data-elementor-post-type=\"page\">\n\t\t\t\t\t\t<section class=\"elementor-section elementor-top-section elementor-element elementor-element-87c3b8d elementor-section-full_width elementor-section-height-default elementor-section-height-default\" data-id=\"87c3b8d\" data-element_type=\"section\">\n\t\t\t\t\t\t<div class=\"elementor-container elementor-column-gap-default\">\n\t\t\t\t\t<div class=\"elementor-column elementor-col-100 elementor-top-column elementor-element elementor-element-e1deb5b\" data-id=\"e1deb5b\" data-element_type=\"column\">\n\t\t\t<div class=\"elementor-widget-wrap elementor-element-populated\">\n\t\t\t\t\t\t<div class=\"elementor-element elementor-element-0516f28 elementor-widget elementor-widget-image\" data-id=\"0516f28\" data-element_type=\"widget\" data-widget_type=\"image.default\">\n\t\t\t\t<div class=\"elementor-widget-container\">\n\t\t\t\t\t\t\t\t\t\t\t\t\t\t\t<img decoding=\"async\" src=\"https:\/\/gennarobottone.eu\/wp-content\/uploads\/elementor\/thumbs\/header_marron-scaled-rf6c4uucbcdkuhlwl50c4hpd8d2j42stty4ghus9ls.jpg\" title=\"header_marron\" alt=\"header_marron\" loading=\"lazy\" \/>\t\t\t\t\t\t\t\t\t\t\t\t\t\t\t<\/div>\n\t\t\t\t<\/div>\n\t\t\t\t\t<\/div>\n\t\t<\/div>\n\t\t\t\t\t<\/div>\n\t\t<\/section>\n\t\t\t\t<section class=\"elementor-section elementor-top-section elementor-element elementor-element-5054752 elementor-section-boxed elementor-section-height-default elementor-section-height-default\" data-id=\"5054752\" data-element_type=\"section\">\n\t\t\t\t\t\t<div class=\"elementor-container elementor-column-gap-default\">\n\t\t\t\t\t<div class=\"elementor-column elementor-col-50 elementor-top-column elementor-element elementor-element-58d4d3a\" data-id=\"58d4d3a\" data-element_type=\"column\">\n\t\t\t<div class=\"elementor-widget-wrap elementor-element-populated\">\n\t\t\t\t\t\t<div class=\"elementor-element elementor-element-cd3ee9a elementor-widget elementor-widget-text-editor\" data-id=\"cd3ee9a\" data-element_type=\"widget\" data-widget_type=\"text-editor.default\">\n\t\t\t\t<div class=\"elementor-widget-container\">\n\t\t\t\t\t\t\t\t\t<h2><strong>Marron Glac\u00e9s Artigianali del Maestro Cioccolattiere <br \/>Gennaro Bottone<\/strong><\/h2>\t\t\t\t\t\t\t\t<\/div>\n\t\t\t\t<\/div>\n\t\t\t\t<div class=\"elementor-element elementor-element-c4f4a73 elementor-widget elementor-widget-text-editor\" data-id=\"c4f4a73\" data-element_type=\"widget\" data-widget_type=\"text-editor.default\">\n\t\t\t\t<div class=\"elementor-widget-container\">\n\t\t\t\t\t\t\t\t\t<p>Benvenuto nello shop dedicato ai <strong>Marron Glac\u00e9s artigianali<\/strong> firmati dal Maestro Cioccolattiere <strong>Gennaro Bottone<\/strong>. Qui trovi una delle pi\u00f9 raffinate specialit\u00e0 della tradizione dolciaria italiana: <strong>marroni canditi e glassati a mano<\/strong>, realizzati con cura meticolosa e ingredienti selezionati.<\/p><p><strong>Un grande classico della pasticceria italiana, fatto in bottega<\/strong><\/p><p>I nostri <strong>marron glac\u00e9<\/strong> non sono semplici castagne candite: sono il risultato di una lavorazione lenta e paziente, dove ogni passaggio valorizza il gusto naturale del marrone, senza eccessi di zucchero n\u00e9 aromi artificiali.<\/p>\t\t\t\t\t\t\t\t<\/div>\n\t\t\t\t<\/div>\n\t\t\t\t<div class=\"elementor-element elementor-element-35210cd elementor-product-loop-item--align-center elementor-grid-1 elementor-grid-tablet-3 elementor-grid-mobile-2 elementor-products-grid elementor-wc-products elementor-widget elementor-widget-woocommerce-products\" data-id=\"35210cd\" data-element_type=\"widget\" data-widget_type=\"woocommerce-products.default\">\n\t\t\t\t<div class=\"elementor-widget-container\">\n\t\t\t\t\t<div class=\"woocommerce columns-1\"><ul class=\"products elementor-grid columns-1\">\n<li class=\"product type-product post-8320 status-publish first outofstock product_cat-marron-glaces has-post-thumbnail shipping-taxable purchasable product-type-simple\">\n\t<a href=\"https:\/\/gennarobottone.eu\/en\/scatole-di-cioccolatini\/marrone-glaces\/\" class=\"woocommerce-LoopProduct-link woocommerce-loop-product__link\"><img fetchpriority=\"high\" decoding=\"async\" width=\"300\" height=\"300\" src=\"https:\/\/gennarobottone.eu\/wp-content\/uploads\/2025\/11\/marron_glaces_2-300x300.png\" class=\"attachment-woocommerce_thumbnail size-woocommerce_thumbnail\" alt=\"Marron Glac\u00e9s\" srcset=\"https:\/\/gennarobottone.eu\/wp-content\/uploads\/2025\/11\/marron_glaces_2-300x300.png 300w, https:\/\/gennarobottone.eu\/wp-content\/uploads\/2025\/11\/marron_glaces_2-1024x1024.png 1024w, https:\/\/gennarobottone.eu\/wp-content\/uploads\/2025\/11\/marron_glaces_2-150x150.png 150w, https:\/\/gennarobottone.eu\/wp-content\/uploads\/2025\/11\/marron_glaces_2-768x768.png 768w, https:\/\/gennarobottone.eu\/wp-content\/uploads\/2025\/11\/marron_glaces_2-12x12.png 12w, https:\/\/gennarobottone.eu\/wp-content\/uploads\/2025\/11\/marron_glaces_2-700x700.png 700w, https:\/\/gennarobottone.eu\/wp-content\/uploads\/2025\/11\/marron_glaces_2-750x750.png 750w, https:\/\/gennarobottone.eu\/wp-content\/uploads\/2025\/11\/marron_glaces_2.png 1400w\" sizes=\"(max-width: 300px) 100vw, 300px\" \/><h2 class=\"woocommerce-loop-product__title\">Marron Glac\u00e9s<\/h2>\n\t<span class=\"price\"><span class=\"woocommerce-Price-amount amount\"><bdi>25,00<span class=\"woocommerce-Price-currencySymbol\">&euro;<\/span><\/bdi><\/span><\/span>\n<\/a><a href=\"https:\/\/gennarobottone.eu\/en\/scatole-di-cioccolatini\/marrone-glaces\/\" aria-describedby=\"woocommerce_loop_add_to_cart_link_describedby_8320\" data-quantity=\"1\" class=\"button product_type_simple\" data-product_id=\"8320\" data-product_sku=\"\" aria-label=\"Read more about \u201cMarron Glac\u00e9s\u201d\" rel=\"nofollow\" data-success_message=\"\" data-no-translation=\"\" data-trp-gettext=\"\" data-no-translation-aria-label=\"\">Read more<\/a>\t<span id=\"woocommerce_loop_add_to_cart_link_describedby_8320\" class=\"screen-reader-text\">\n\t\t\t<\/span>\n<span class=\"gtm4wp_productdata\" style=\"display:none; visibility:hidden;\" data-gtm4wp_product_data=\"{&quot;internal_id&quot;:8320,&quot;item_id&quot;:8320,&quot;item_name&quot;:&quot;Marron Glac\\u00e9s&quot;,&quot;sku&quot;:8320,&quot;price&quot;:25,&quot;stocklevel&quot;:null,&quot;stockstatus&quot;:&quot;outofstock&quot;,&quot;google_business_vertical&quot;:&quot;retail&quot;,&quot;item_category&quot;:&quot;Marron Glac\\u00e9s&quot;,&quot;id&quot;:8320,&quot;productlink&quot;:&quot;https:\\\/\\\/gennarobottone.eu\\\/en\\\/scatole-di-cioccolatini\\\/marrone-glaces\\\/&quot;,&quot;item_list_name&quot;:&quot;General Product List&quot;,&quot;index&quot;:1,&quot;product_type&quot;:&quot;simple&quot;,&quot;item_brand&quot;:&quot;&quot;}\"><\/span><\/li>\n<\/ul>\n<\/div>\t\t\t\t<\/div>\n\t\t\t\t<\/div>\n\t\t\t\t\t<\/div>\n\t\t<\/div>\n\t\t\t\t<div class=\"elementor-column elementor-col-50 elementor-top-column elementor-element elementor-element-c06ed2c\" data-id=\"c06ed2c\" data-element_type=\"column\">\n\t\t\t<div class=\"elementor-widget-wrap elementor-element-populated\">\n\t\t\t\t\t\t<div class=\"elementor-element elementor-element-23197dc elementor-widget elementor-widget-text-editor\" data-id=\"23197dc\" data-element_type=\"widget\" data-widget_type=\"text-editor.default\">\n\t\t\t\t<div class=\"elementor-widget-container\">\n\t\t\t\t\t\t\t\t\t<p><strong>La Selezione dei Migliori Marroni<\/strong><\/p><p>La qualit\u00e0 nasce dalla materia prima. Per questo scegliamo solo <strong>marroni di calibro superiore<\/strong>, accuratamente selezionati uno ad uno.<\/p><p><strong>Marroni scelti a mano per consistenza e dolcezza<\/strong><\/p><p>Solo i frutti migliori, integri e profumati, entrano nel laboratorio. Questo garantisce una consistenza morbida e uniforme e un sapore pieno, tipico dei veri <strong>marron glac\u00e9s di alta qualit\u00e0<\/strong>.<\/p>\t\t\t\t\t\t\t\t<\/div>\n\t\t\t\t<\/div>\n\t\t\t\t<div class=\"elementor-element elementor-element-4c823ad elementor-widget elementor-widget-image\" data-id=\"4c823ad\" data-element_type=\"widget\" data-widget_type=\"image.default\">\n\t\t\t\t<div class=\"elementor-widget-container\">\n\t\t\t\t\t\t\t\t\t\t\t\t\t\t\t<img decoding=\"async\" width=\"768\" height=\"768\" src=\"https:\/\/gennarobottone.eu\/wp-content\/uploads\/2025\/11\/marron_glaces_1-768x768.png\" class=\"attachment-medium_large size-medium_large wp-image-8264\" alt=\"\" srcset=\"https:\/\/gennarobottone.eu\/wp-content\/uploads\/2025\/11\/marron_glaces_1-768x768.png 768w, https:\/\/gennarobottone.eu\/wp-content\/uploads\/2025\/11\/marron_glaces_1-300x300.png 300w, https:\/\/gennarobottone.eu\/wp-content\/uploads\/2025\/11\/marron_glaces_1-1024x1024.png 1024w, https:\/\/gennarobottone.eu\/wp-content\/uploads\/2025\/11\/marron_glaces_1-150x150.png 150w, https:\/\/gennarobottone.eu\/wp-content\/uploads\/2025\/11\/marron_glaces_1-12x12.png 12w, https:\/\/gennarobottone.eu\/wp-content\/uploads\/2025\/11\/marron_glaces_1-700x700.png 700w, https:\/\/gennarobottone.eu\/wp-content\/uploads\/2025\/11\/marron_glaces_1-750x750.png 750w, https:\/\/gennarobottone.eu\/wp-content\/uploads\/2025\/11\/marron_glaces_1.png 1400w\" sizes=\"(max-width: 768px) 100vw, 768px\" \/>\t\t\t\t\t\t\t\t\t\t\t\t\t\t\t<\/div>\n\t\t\t\t<\/div>\n\t\t\t\t<div class=\"elementor-element elementor-element-677d523 elementor-widget elementor-widget-text-editor\" data-id=\"677d523\" data-element_type=\"widget\" data-widget_type=\"text-editor.default\">\n\t\t\t\t<div class=\"elementor-widget-container\">\n\t\t\t\t\t\t\t\t\t<p><strong>Una Lavorazione Lenta e Naturale<\/strong><\/p><p>Ogni marrone viene lavorato con tempi lunghi, come vuole la tradizione artigianale.<\/p><p><strong>Canditura delicata in pi\u00f9 passaggi<\/strong><\/p><p>La <strong>canditura naturale<\/strong> avviene gradualmente, cos\u00ec il frutto assorbe dolcezza senza perdere struttura n\u00e9 aroma. \u00c8 questo che rende i nostri marron glac\u00e9 equilibrati e mai stucchevoli.<\/p><p><strong>Glassatura sottile e brillante<\/strong><\/p><p>Il tocco finale \u00e8 una <strong>glassatura leggera<\/strong>, lucida e sottile, che avvolge il marrone esaltandone il sapore, senza coprirlo.<\/p>\t\t\t\t\t\t\t\t<\/div>\n\t\t\t\t<\/div>\n\t\t\t\t\t<\/div>\n\t\t<\/div>\n\t\t\t\t\t<\/div>\n\t\t<\/section>\n\t\t\t\t<section class=\"elementor-section elementor-top-section elementor-element elementor-element-fd56c19 elementor-section-boxed elementor-section-height-default elementor-section-height-default\" data-id=\"fd56c19\" data-element_type=\"section\">\n\t\t\t\t\t\t<div class=\"elementor-container elementor-column-gap-default\">\n\t\t\t\t\t<div class=\"elementor-column elementor-col-100 elementor-top-column elementor-element elementor-element-31bba9f\" data-id=\"31bba9f\" data-element_type=\"column\">\n\t\t\t<div class=\"elementor-widget-wrap elementor-element-populated\">\n\t\t\t\t\t\t<div class=\"elementor-element elementor-element-4bb23a4 elementor-widget elementor-widget-text-editor\" data-id=\"4bb23a4\" data-element_type=\"widget\" data-widget_type=\"text-editor.default\">\n\t\t\t\t<div class=\"elementor-widget-container\">\n\t\t\t\t\t\t\t\t\t<p style=\"text-align: center;\"><strong>Un\u2019Esperienza di Gusto da Regalare o Concedersi<\/strong><\/p><p style=\"text-align: center;\">I <strong>Marron Glac\u00e9s Gennaro Bottone<\/strong> sono perfetti per chi ama i dolci eleganti e autentici.<\/p><p style=\"text-align: center;\"><strong>Ideali come dolce gourmet per momenti speciali<\/strong><\/p><p style=\"text-align: center;\">Da gustare a fine pasto, con un t\u00e8 o un vino da meditazione, trasformano ogni pausa in un piccolo lusso quotidiano.<\/p><p style=\"text-align: center;\"><strong>Un\u2019idea regalo raffinata e senza tempo<\/strong><\/p><p style=\"text-align: center;\">Le nostre confezioni sono pensate per diventare un dono prezioso: ideali per festivit\u00e0, ricorrenze o per sorprendere con un\u2019eccellenza artigianale.<\/p>\t\t\t\t\t\t\t\t<\/div>\n\t\t\t\t<\/div>\n\t\t\t\t\t<\/div>\n\t\t<\/div>\n\t\t\t\t\t<\/div>\n\t\t<\/section>\n\t\t\t\t<\/div>","protected":false},"excerpt":{"rendered":"<p>Marron Glac\u00e9s Artigianali del Maestro Cioccolattiere Gennaro Bottone Benvenuto nello shop dedicato ai Marron Glac\u00e9s artigianali firmati dal Maestro Cioccolattiere Gennaro Bottone. Qui trovi una delle pi\u00f9 raffinate specialit\u00e0 della tradizione dolciaria italiana: marroni canditi e glassati a mano, realizzati con cura meticolosa e ingredienti selezionati. Un grande classico della pasticceria italiana, fatto in bottega [&hellip;]<\/p>\n","protected":false},"author":2,"featured_media":0,"parent":0,"menu_order":0,"comment_status":"closed","ping_status":"closed","template":"","meta":{"footnotes":""},"class_list":["post-8321","page","type-page","status-publish","hentry"],"yoast_head":"<!-- This site is optimized with the Yoast SEO plugin v27.4 - https:\/\/yoast.com\/product\/yoast-seo-wordpress\/ -->\n<title>Marron Glac\u00e9s - Gennaro Bottone - Dolce Idea<\/title>\n<meta name=\"robots\" content=\"index, follow, max-snippet:-1, max-image-preview:large, max-video-preview:-1\" \/>\n<link rel=\"canonical\" href=\"https:\/\/gennarobottone.eu\/en\/marron-glaces\/\" \/>\n<meta property=\"og:locale\" content=\"en_US\" \/>\n<meta property=\"og:type\" content=\"article\" \/>\n<meta property=\"og:title\" content=\"Marron Glac\u00e9s - Gennaro Bottone - Dolce Idea\" \/>\n<meta property=\"og:description\" content=\"Marron Glac\u00e9s Artigianali del Maestro Cioccolattiere Gennaro Bottone Benvenuto nello shop dedicato ai Marron Glac\u00e9s artigianali firmati dal Maestro Cioccolattiere Gennaro Bottone. Qui trovi una delle pi\u00f9 raffinate specialit\u00e0 della tradizione dolciaria italiana: marroni canditi e glassati a mano, realizzati con cura meticolosa e ingredienti selezionati. Un grande classico della pasticceria italiana, fatto in bottega [&hellip;]\" \/>\n<meta property=\"og:url\" content=\"https:\/\/gennarobottone.eu\/en\/marron-glaces\/\" \/>\n<meta property=\"og:site_name\" content=\"Gennaro Bottone - Dolce Idea\" \/>\n<meta property=\"article:publisher\" content=\"https:\/\/www.facebook.com\/Dolceidea.cioccolata\" \/>\n<meta property=\"article:modified_time\" content=\"2025-11-24T11:44:30+00:00\" \/>\n<meta property=\"og:image\" content=\"https:\/\/gennarobottone.eu\/wp-content\/uploads\/elementor\/thumbs\/header_marron-scaled-rf6c4uucbcdkuhlwl50c4hpd8d2j42stty4ghus9ls.jpg\" \/>\n<meta name=\"twitter:card\" content=\"summary_large_image\" \/>\n<meta name=\"twitter:label1\" content=\"Est. reading time\" \/>\n\t<meta name=\"twitter:data1\" content=\"1 minute\" \/>\n<script type=\"application\/ld+json\" class=\"yoast-schema-graph\">{\"@context\":\"https:\\\/\\\/schema.org\",\"@graph\":[{\"@type\":\"WebPage\",\"@id\":\"https:\\\/\\\/gennarobottone.eu\\\/marron-glaces\\\/\",\"url\":\"https:\\\/\\\/gennarobottone.eu\\\/marron-glaces\\\/\",\"name\":\"Marron Glac\u00e9s - Gennaro Bottone - Dolce Idea\",\"isPartOf\":{\"@id\":\"https:\\\/\\\/gennarobottone.eu\\\/#website\"},\"primaryImageOfPage\":{\"@id\":\"https:\\\/\\\/gennarobottone.eu\\\/marron-glaces\\\/#primaryimage\"},\"image\":{\"@id\":\"https:\\\/\\\/gennarobottone.eu\\\/marron-glaces\\\/#primaryimage\"},\"thumbnailUrl\":\"https:\\\/\\\/gennarobottone.eu\\\/wp-content\\\/uploads\\\/elementor\\\/thumbs\\\/header_marron-scaled-rf6c4uucbcdkuhlwl50c4hpd8d2j42stty4ghus9ls.jpg\",\"datePublished\":\"2025-11-21T15:41:20+00:00\",\"dateModified\":\"2025-11-24T11:44:30+00:00\",\"breadcrumb\":{\"@id\":\"https:\\\/\\\/gennarobottone.eu\\\/marron-glaces\\\/#breadcrumb\"},\"inLanguage\":\"en-US\",\"potentialAction\":[{\"@type\":\"ReadAction\",\"target\":[\"https:\\\/\\\/gennarobottone.eu\\\/marron-glaces\\\/\"]}]},{\"@type\":\"ImageObject\",\"inLanguage\":\"en-US\",\"@id\":\"https:\\\/\\\/gennarobottone.eu\\\/marron-glaces\\\/#primaryimage\",\"url\":\"https:\\\/\\\/gennarobottone.eu\\\/wp-content\\\/uploads\\\/elementor\\\/thumbs\\\/header_marron-scaled-rf6c4uucbcdkuhlwl50c4hpd8d2j42stty4ghus9ls.jpg\",\"contentUrl\":\"https:\\\/\\\/gennarobottone.eu\\\/wp-content\\\/uploads\\\/elementor\\\/thumbs\\\/header_marron-scaled-rf6c4uucbcdkuhlwl50c4hpd8d2j42stty4ghus9ls.jpg\"},{\"@type\":\"BreadcrumbList\",\"@id\":\"https:\\\/\\\/gennarobottone.eu\\\/marron-glaces\\\/#breadcrumb\",\"itemListElement\":[{\"@type\":\"ListItem\",\"position\":1,\"name\":\"Home\",\"item\":\"https:\\\/\\\/gennarobottone.eu\\\/\"},{\"@type\":\"ListItem\",\"position\":2,\"name\":\"Marron Glac\u00e9s\"}]},{\"@type\":\"WebSite\",\"@id\":\"https:\\\/\\\/gennarobottone.eu\\\/#website\",\"url\":\"https:\\\/\\\/gennarobottone.eu\\\/\",\"name\":\"Dolce Idea di Gennaro Bottone\",\"description\":\"Fabbrica di Cioccolato dal 1979\",\"publisher\":{\"@id\":\"https:\\\/\\\/gennarobottone.eu\\\/#organization\"},\"potentialAction\":[{\"@type\":\"SearchAction\",\"target\":{\"@type\":\"EntryPoint\",\"urlTemplate\":\"https:\\\/\\\/gennarobottone.eu\\\/?s={search_term_string}\"},\"query-input\":{\"@type\":\"PropertyValueSpecification\",\"valueRequired\":true,\"valueName\":\"search_term_string\"}}],\"inLanguage\":\"en-US\"},{\"@type\":\"Organization\",\"@id\":\"https:\\\/\\\/gennarobottone.eu\\\/#organization\",\"name\":\"Dolce Idea di Gennaro Bottone\",\"url\":\"https:\\\/\\\/gennarobottone.eu\\\/\",\"logo\":{\"@type\":\"ImageObject\",\"inLanguage\":\"en-US\",\"@id\":\"https:\\\/\\\/gennarobottone.eu\\\/#\\\/schema\\\/logo\\\/image\\\/\",\"url\":\"https:\\\/\\\/gennarobottone.eu\\\/wp-content\\\/uploads\\\/2021\\\/11\\\/logo_senzafondo.png\",\"contentUrl\":\"https:\\\/\\\/gennarobottone.eu\\\/wp-content\\\/uploads\\\/2021\\\/11\\\/logo_senzafondo.png\",\"width\":1200,\"height\":1200,\"caption\":\"Dolce Idea di Gennaro Bottone\"},\"image\":{\"@id\":\"https:\\\/\\\/gennarobottone.eu\\\/#\\\/schema\\\/logo\\\/image\\\/\"},\"sameAs\":[\"https:\\\/\\\/www.facebook.com\\\/Dolceidea.cioccolata\",\"https:\\\/\\\/www.instagram.com\\\/gennarobottone\\\/\"]}]}<\/script>\n<!-- \/ Yoast SEO plugin. -->","yoast_head_json":{"title":"Marron Glac\u00e9s - Gennaro Bottone - Dolce Idea","robots":{"index":"index","follow":"follow","max-snippet":"max-snippet:-1","max-image-preview":"max-image-preview:large","max-video-preview":"max-video-preview:-1"},"canonical":"https:\/\/gennarobottone.eu\/en\/marron-glaces\/","og_locale":"en_US","og_type":"article","og_title":"Marron Glac\u00e9s - Gennaro Bottone - Dolce Idea","og_description":"Marron Glac\u00e9s Artigianali del Maestro Cioccolattiere Gennaro Bottone Benvenuto nello shop dedicato ai Marron Glac\u00e9s artigianali firmati dal Maestro Cioccolattiere Gennaro Bottone. Qui trovi una delle pi\u00f9 raffinate specialit\u00e0 della tradizione dolciaria italiana: marroni canditi e glassati a mano, realizzati con cura meticolosa e ingredienti selezionati. Un grande classico della pasticceria italiana, fatto in bottega [&hellip;]","og_url":"https:\/\/gennarobottone.eu\/en\/marron-glaces\/","og_site_name":"Gennaro Bottone - Dolce Idea","article_publisher":"https:\/\/www.facebook.com\/Dolceidea.cioccolata","article_modified_time":"2025-11-24T11:44:30+00:00","og_image":[{"url":"https:\/\/gennarobottone.eu\/wp-content\/uploads\/elementor\/thumbs\/header_marron-scaled-rf6c4uucbcdkuhlwl50c4hpd8d2j42stty4ghus9ls.jpg","type":"","width":"","height":""}],"twitter_card":"summary_large_image","twitter_misc":{"Est. reading time":"1 minute"},"schema":{"@context":"https:\/\/schema.org","@graph":[{"@type":"WebPage","@id":"https:\/\/gennarobottone.eu\/marron-glaces\/","url":"https:\/\/gennarobottone.eu\/marron-glaces\/","name":"Marron Glac\u00e9s - Gennaro Bottone - Dolce Idea","isPartOf":{"@id":"https:\/\/gennarobottone.eu\/#website"},"primaryImageOfPage":{"@id":"https:\/\/gennarobottone.eu\/marron-glaces\/#primaryimage"},"image":{"@id":"https:\/\/gennarobottone.eu\/marron-glaces\/#primaryimage"},"thumbnailUrl":"https:\/\/gennarobottone.eu\/wp-content\/uploads\/elementor\/thumbs\/header_marron-scaled-rf6c4uucbcdkuhlwl50c4hpd8d2j42stty4ghus9ls.jpg","datePublished":"2025-11-21T15:41:20+00:00","dateModified":"2025-11-24T11:44:30+00:00","breadcrumb":{"@id":"https:\/\/gennarobottone.eu\/marron-glaces\/#breadcrumb"},"inLanguage":"en-US","potentialAction":[{"@type":"ReadAction","target":["https:\/\/gennarobottone.eu\/marron-glaces\/"]}]},{"@type":"ImageObject","inLanguage":"en-US","@id":"https:\/\/gennarobottone.eu\/marron-glaces\/#primaryimage","url":"https:\/\/gennarobottone.eu\/wp-content\/uploads\/elementor\/thumbs\/header_marron-scaled-rf6c4uucbcdkuhlwl50c4hpd8d2j42stty4ghus9ls.jpg","contentUrl":"https:\/\/gennarobottone.eu\/wp-content\/uploads\/elementor\/thumbs\/header_marron-scaled-rf6c4uucbcdkuhlwl50c4hpd8d2j42stty4ghus9ls.jpg"},{"@type":"BreadcrumbList","@id":"https:\/\/gennarobottone.eu\/marron-glaces\/#breadcrumb","itemListElement":[{"@type":"ListItem","position":1,"name":"Home","item":"https:\/\/gennarobottone.eu\/"},{"@type":"ListItem","position":2,"name":"Marron Glac\u00e9s"}]},{"@type":"WebSite","@id":"https:\/\/gennarobottone.eu\/#website","url":"https:\/\/gennarobottone.eu\/","name":"Dolce Idea di Gennaro Bottone","description":"Fabbrica di Cioccolato dal 1979","publisher":{"@id":"https:\/\/gennarobottone.eu\/#organization"},"potentialAction":[{"@type":"SearchAction","target":{"@type":"EntryPoint","urlTemplate":"https:\/\/gennarobottone.eu\/?s={search_term_string}"},"query-input":{"@type":"PropertyValueSpecification","valueRequired":true,"valueName":"search_term_string"}}],"inLanguage":"en-US"},{"@type":"Organization","@id":"https:\/\/gennarobottone.eu\/#organization","name":"Dolce Idea di Gennaro Bottone","url":"https:\/\/gennarobottone.eu\/","logo":{"@type":"ImageObject","inLanguage":"en-US","@id":"https:\/\/gennarobottone.eu\/#\/schema\/logo\/image\/","url":"https:\/\/gennarobottone.eu\/wp-content\/uploads\/2021\/11\/logo_senzafondo.png","contentUrl":"https:\/\/gennarobottone.eu\/wp-content\/uploads\/2021\/11\/logo_senzafondo.png","width":1200,"height":1200,"caption":"Dolce Idea di Gennaro Bottone"},"image":{"@id":"https:\/\/gennarobottone.eu\/#\/schema\/logo\/image\/"},"sameAs":["https:\/\/www.facebook.com\/Dolceidea.cioccolata","https:\/\/www.instagram.com\/gennarobottone\/"]}]}},"jetpack_sharing_enabled":true,"_links":{"self":[{"href":"https:\/\/gennarobottone.eu\/en\/wp-json\/wp\/v2\/pages\/8321","targetHints":{"allow":["GET"]}}],"collection":[{"href":"https:\/\/gennarobottone.eu\/en\/wp-json\/wp\/v2\/pages"}],"about":[{"href":"https:\/\/gennarobottone.eu\/en\/wp-json\/wp\/v2\/types\/page"}],"author":[{"embeddable":true,"href":"https:\/\/gennarobottone.eu\/en\/wp-json\/wp\/v2\/users\/2"}],"replies":[{"embeddable":true,"href":"https:\/\/gennarobottone.eu\/en\/wp-json\/wp\/v2\/comments?post=8321"}],"version-history":[{"count":22,"href":"https:\/\/gennarobottone.eu\/en\/wp-json\/wp\/v2\/pages\/8321\/revisions"}],"predecessor-version":[{"id":8365,"href":"https:\/\/gennarobottone.eu\/en\/wp-json\/wp\/v2\/pages\/8321\/revisions\/8365"}],"wp:attachment":[{"href":"https:\/\/gennarobottone.eu\/en\/wp-json\/wp\/v2\/media?parent=8321"}],"curies":[{"name":"wp","href":"https:\/\/api.w.org\/{rel}","templated":true}]}}